{"id":668,"date":"2018-01-31T17:44:16","date_gmt":"2018-01-31T16:44:16","guid":{"rendered":"https:\/\/www.produktova-fotografie-brno.cz\/price-list\/"},"modified":"2018-02-01T08:47:14","modified_gmt":"2018-02-01T07:47:14","slug":"price-list","status":"publish","type":"page","link":"https:\/\/www.produktova-fotografie-brno.cz\/en\/price-list\/","title":{"rendered":"PRICE LIST"},"content":{"rendered":"<div id=\"pl-668\"  class=\"panel-layout\" ><div id=\"pg-668-0\"  class=\"panel-grid panel-no-style\" ><div id=\"pgc-668-0-0\"  class=\"panel-grid-cell panel-grid-cell-empty\" ><\/div><div id=\"pgc-668-0-1\"  class=\"panel-grid-cell\" ><div id=\"panel-668-0-1-0\" class=\"so-panel widget widget_sow-editor panel-first-child panel-last-child\" data-index=\"0\" ><div\n\t\t\t\n\t\t\tclass=\"so-widget-sow-editor so-widget-sow-editor-base\"\n\t\t\t\n\t\t>\n<div class=\"siteorigin-widget-tinymce textwidget\">\n\t<p>\t<img loading=\"lazy\" decoding=\"async\" src=\"https:\/\/www.produktova-fotografie-brno.cz\/wp-content\/uploads\/2014\/09\/MEUCCI-20160127-018.jpg\" width=\"720\" height=\"720\" srcset=\"https:\/\/www.produktova-fotografie-brno.cz\/wp-content\/uploads\/2014\/09\/MEUCCI-20160127-018.jpg 720w, https:\/\/www.produktova-fotografie-brno.cz\/wp-content\/uploads\/2014\/09\/MEUCCI-20160127-018-200x200.jpg 200w, https:\/\/www.produktova-fotografie-brno.cz\/wp-content\/uploads\/2014\/09\/MEUCCI-20160127-018-300x300.jpg 300w, https:\/\/www.produktova-fotografie-brno.cz\/wp-content\/uploads\/2014\/09\/MEUCCI-20160127-018-350x350.jpg 350w\" sizes=\"(max-width: 720px) 100vw, 720px\" class=\"so-widget-image\"><\/p>\n<\/div>\n<\/div><\/div><\/div><div id=\"pgc-668-0-2\"  class=\"panel-grid-cell panel-grid-cell-mobile-last\" ><div id=\"panel-668-0-2-0\" class=\"so-panel widget widget_sow-editor panel-first-child panel-last-child\" data-index=\"1\" ><div\n\t\t\t\n\t\t\tclass=\"so-widget-sow-editor so-widget-sow-editor-base\"\n\t\t\t\n\t\t>\n<div class=\"siteorigin-widget-tinymce textwidget\">\n\t<p>Prices of photographic works vary in price terms. So if you want to know the exact price, do not hesitate to write us. We will be glad to get you an accurate price calculation.<\/p>\n<p>Since product photos are a very specific kind of photo, you can not determine the exact price in advance. It always depends on several factors: the amount, size, transparency and gloss of the items. The regular product photo starts at a price of 100 CZK \/ pc.<br \/> The composite photo is around 600 CZK \/ piece.<\/p>\n<p>Please note that these prices are for orientation only. Therefore, the final price may be different than the indicative price.<\/p>\n<p><strong>With more photos, we give our clients a quantity discount.<\/strong><\/p>\n<\/div>\n<\/div><\/div><\/div><div id=\"pgc-668-0-3\"  class=\"panel-grid-cell panel-grid-cell-empty\" ><\/div><\/div><div id=\"pg-668-1\"  class=\"panel-grid panel-has-style\" ><div class=\"spoluprace siteorigin-panels-stretch panel-row-style panel-row-style-for-668-1\" data-stretch-type=\"full\" ><div id=\"pgc-668-1-0\"  class=\"panel-grid-cell\" ><div id=\"panel-668-1-0-0\" class=\"so-panel widget widget_sow-editor panel-first-child panel-last-child\" data-index=\"2\" ><div\n\t\t\t\n\t\t\tclass=\"so-widget-sow-editor so-widget-sow-editor-base\"\n\t\t\t\n\t\t><h2 class=\"widget-title\">Non-binding price tag for product photography<\/h2>\n<div class=\"siteorigin-widget-tinymce textwidget\">\n\t<div class=\"siteorigin-widget-tinymce textwidget\">Do you want to know what the product product price for your product will be without any obligation?<br \/><span style=\"line-height: 1.5;\">Simply fill in the contact form below, or call us on the phone number<br \/> <strong class=\"phone\">720 585 500<\/strong><\/span><\/p>\n<p>As soon as we process your query, we will send you a price calculator via e-mail.<\/p>\n<\/div>\n<\/div>\n<\/div><\/div><\/div><\/div><\/div><div id=\"pg-668-2\"  class=\"panel-grid panel-has-style\" ><div class=\"dotazy panel-row-style panel-row-style-for-668-2\" id=\"poptavka\" ><div id=\"pgc-668-2-0\"  class=\"panel-grid-cell\" ><div id=\"panel-668-2-0-0\" class=\"so-panel widget widget_sow-editor panel-first-child panel-last-child\" data-index=\"3\" ><div\n\t\t\t\n\t\t\tclass=\"so-widget-sow-editor so-widget-sow-editor-base\"\n\t\t\t\n\t\t><h2 class=\"widget-title\">Find the price of the shoot<\/h2>\n<div class=\"siteorigin-widget-tinymce textwidget\">\n\t<div class=\"siteorigin-widget-tinymce textwidget\">\n<div class=\"kontaktni-form\">[contact-form-7 id=\"786\" title=\"Kontaktn\u00ed formul\u00e1\u0159 EN\"]<\/div>\n<\/div>\n<\/div>\n<\/div><\/div><\/div><\/div><\/div><\/div>","protected":false},"excerpt":{"rendered":"<p>Prices of photographic works vary in price terms. So if you want to know the exact price, do not hesitate to write us. We will be glad to&#8230;<\/p>\n","protected":false},"author":2,"featured_media":0,"parent":0,"menu_order":0,"comment_status":"closed","ping_status":"closed","template":"","meta":{"footnotes":""},"aioseo_notices":[],"_links":{"self":[{"href":"https:\/\/www.produktova-fotografie-brno.cz\/en\/wp-json\/wp\/v2\/pages\/668"}],"collection":[{"href":"https:\/\/www.produktova-fotografie-brno.cz\/en\/wp-json\/wp\/v2\/pages"}],"about":[{"href":"https:\/\/www.produktova-fotografie-brno.cz\/en\/wp-json\/wp\/v2\/types\/page"}],"author":[{"embeddable":true,"href":"https:\/\/www.produktova-fotografie-brno.cz\/en\/wp-json\/wp\/v2\/users\/2"}],"replies":[{"embeddable":true,"href":"https:\/\/www.produktova-fotografie-brno.cz\/en\/wp-json\/wp\/v2\/comments?post=668"}],"version-history":[{"count":0,"href":"https:\/\/www.produktova-fotografie-brno.cz\/en\/wp-json\/wp\/v2\/pages\/668\/revisions"}],"wp:attachment":[{"href":"https:\/\/www.produktova-fotografie-brno.cz\/en\/wp-json\/wp\/v2\/media?parent=668"}],"curies":[{"name":"wp","href":"https:\/\/api.w.org\/{rel}","templated":true}]}}