{"id":675,"date":"2018-01-31T17:48:03","date_gmt":"2018-01-31T16:48:03","guid":{"rendered":"https:\/\/www.produktova-fotografie-brno.cz\/contact\/"},"modified":"2018-02-01T08:47:46","modified_gmt":"2018-02-01T07:47:46","slug":"contact","status":"publish","type":"page","link":"https:\/\/www.produktova-fotografie-brno.cz\/en\/contact\/","title":{"rendered":"CONTACT"},"content":{"rendered":"<div id=\"pl-675\"  class=\"panel-layout\" ><div id=\"pg-675-0\"  class=\"panel-grid panel-no-style\" ><div id=\"pgc-675-0-0\"  class=\"panel-grid-cell\" ><div id=\"panel-675-0-0-0\" class=\"so-panel widget widget_sow-google-map panel-first-child panel-last-child\" data-index=\"0\" ><div\n\t\t\t\n\t\t\tclass=\"so-widget-sow-google-map so-widget-sow-google-map-default-05ebfd8f3122-675\"\n\t\t\t\n\t\t>\n<div class=\"sow-google-map-canvas\"\n\tstyle=\"\"\n\tid=\"map-canvas-5b439ac86bfc40045f14ef2eb6cd4daf\"\n\tdata-options=\"{&quot;address&quot;:&quot;Brno, Palack\\u00e9ho t\\u0159\\u00edda 2335\\\/81&quot;,&quot;zoom&quot;:14,&quot;mobileZoom&quot;:14,&quot;gestureHandling&quot;:&quot;greedy&quot;,&quot;disableUi&quot;:false,&quot;markerIcon&quot;:&quot;&quot;,&quot;markersDraggable&quot;:false,&quot;markerAtCenter&quot;:true,&quot;markerInfoDisplay&quot;:&quot;click&quot;,&quot;markerInfoMultiple&quot;:true,&quot;markerPositions&quot;:&quot;&quot;,&quot;mapName&quot;:&quot;&quot;,&quot;mapStyles&quot;:&quot;&quot;,&quot;directions&quot;:&quot;&quot;,&quot;apiKey&quot;:&quot;AIzaSyBpD0Rlqd84NAGlLqSykshJI8ru2QOt3fY&quot;,&quot;breakpoint&quot;:&quot;780&quot;}\"\n\tdata-fallback-image=\"{&quot;img&quot;:&quot;&quot;}\"><\/div>\n<\/div><\/div><\/div><div id=\"pgc-675-0-1\"  class=\"panel-grid-cell\" ><div id=\"panel-675-0-1-0\" class=\"so-panel widget widget_sow-editor panel-first-child panel-last-child\" data-index=\"1\" ><div\n\t\t\t\n\t\t\tclass=\"so-widget-sow-editor so-widget-sow-editor-base\"\n\t\t\t\n\t\t>\n<div class=\"siteorigin-widget-tinymce textwidget\">\n\t<ul class=\"kontakt\">\n<li class=\"telefon\"><a href=\"tel:+420720585500\">+420 720 585 500<\/a><\/li>\n<li class=\"email\"><a href=\"mailto:info@produktova-fotografie-brno.cz\">info@produktova-fotografie-brno.cz<\/a><\/li>\n<\/ul>\n<h2>Where to find us<\/h2>\n<p>Palack\u00e9ho t\u0159\u00edda 2335<br \/> Brno, \u010cesk\u00e1 republika<\/p>\n<h2>Billing information:<\/h2>\n<p>I\u010cO: 87608863<br \/> DI\u010c: CZ8603175790<br \/> Tom\u00e1\u0161 Frank<br \/> Tr\u00e1vn\u00edk 23, 789 83 Lo\u0161tice<br \/> Vydal \u017e. \u00fa. Mohelnice ZIV\/141\/2011UJ\/5<\/p>\n<\/div>\n<\/div><\/div><\/div><\/div><div id=\"pg-675-1\"  class=\"panel-grid panel-has-style\" ><div class=\"spoluprace siteorigin-panels-stretch panel-row-style panel-row-style-for-675-1\" data-stretch-type=\"full\" ><div id=\"pgc-675-1-0\"  class=\"panel-grid-cell\" ><div id=\"panel-675-1-0-0\" class=\"so-panel widget widget_sow-editor panel-first-child panel-last-child\" data-index=\"2\" ><div\n\t\t\t\n\t\t\tclass=\"so-widget-sow-editor so-widget-sow-editor-base\"\n\t\t\t\n\t\t><h2 class=\"widget-title\">Chcete se n\u00e1s na n\u011bco zeptat?<\/h2>\n<div class=\"siteorigin-widget-tinymce textwidget\">\n\t<div class=\"siteorigin-widget-tinymce textwidget\">Nena\u0161li jste na na\u0161em webu informace kter\u00e9 V\u00e1s zaj\u00edmaj\u00ed, nebo si chcete nechat zpracovat nez\u00e1vaznou cenovou kalkulaci na produktovou fotografii?<br \/> <a href=\"#poptavka\">Vypl\u0148te formul\u00e1\u0159<\/a> n\u00ed\u017ee a my V\u00e1m r\u00e1di odpov\u00edme.<\/div>\n<\/div>\n<\/div><\/div><\/div><\/div><\/div><div id=\"pg-675-2\"  class=\"panel-grid panel-has-style\" ><div class=\"dotazy panel-row-style panel-row-style-for-675-2\" id=\"poptavka\" ><div id=\"pgc-675-2-0\"  class=\"panel-grid-cell\" ><div id=\"panel-675-2-0-0\" class=\"so-panel widget widget_sow-editor panel-first-child panel-last-child\" data-index=\"3\" ><div\n\t\t\t\n\t\t\tclass=\"so-widget-sow-editor so-widget-sow-editor-base\"\n\t\t\t\n\t\t><h2 class=\"widget-title\">Find the price of the shoot?<\/h2>\n<div class=\"siteorigin-widget-tinymce textwidget\">\n\t<div class=\"siteorigin-widget-tinymce textwidget\">\n<div class=\"kontaktni-form\">\n<div class=\"siteorigin-widget-tinymce textwidget\">\n<div class=\"kontaktni-form\">[contact-form-7 id=\"786\" title=\"Kontaktn\u00ed formul\u00e1\u0159 EN\"]<\/div>\n<\/div>\n<\/div>\n<\/div>\n<\/div>\n<\/div><\/div><\/div><\/div><\/div><\/div>","protected":false},"excerpt":{"rendered":"<p>+420 720 585 500 info@produktova-fotografie-brno.cz Where to find us Palack\u00e9ho t\u0159\u00edda 2335 Brno, \u010cesk\u00e1 republika Billing information: I\u010cO: 87608863 DI\u010c: CZ8603175790 Tom\u00e1\u0161 Frank Tr\u00e1vn\u00edk 23, 789 83 Lo\u0161tice&#8230;<\/p>\n","protected":false},"author":2,"featured_media":0,"parent":0,"menu_order":0,"comment_status":"closed","ping_status":"closed","template":"","meta":{"footnotes":""},"aioseo_notices":[],"_links":{"self":[{"href":"https:\/\/www.produktova-fotografie-brno.cz\/en\/wp-json\/wp\/v2\/pages\/675"}],"collection":[{"href":"https:\/\/www.produktova-fotografie-brno.cz\/en\/wp-json\/wp\/v2\/pages"}],"about":[{"href":"https:\/\/www.produktova-fotografie-brno.cz\/en\/wp-json\/wp\/v2\/types\/page"}],"author":[{"embeddable":true,"href":"https:\/\/www.produktova-fotografie-brno.cz\/en\/wp-json\/wp\/v2\/users\/2"}],"replies":[{"embeddable":true,"href":"https:\/\/www.produktova-fotografie-brno.cz\/en\/wp-json\/wp\/v2\/comments?post=675"}],"version-history":[{"count":0,"href":"https:\/\/www.produktova-fotografie-brno.cz\/en\/wp-json\/wp\/v2\/pages\/675\/revisions"}],"wp:attachment":[{"href":"https:\/\/www.produktova-fotografie-brno.cz\/en\/wp-json\/wp\/v2\/media?parent=675"}],"curies":[{"name":"wp","href":"https:\/\/api.w.org\/{rel}","templated":true}]}}