{"id":744,"date":"2014-09-27T13:39:19","date_gmt":"2014-09-27T12:39:19","guid":{"rendered":"https:\/\/www.produktova-fotografie-brno.cz\/produktova-fotografie\/"},"modified":"2018-02-01T08:23:31","modified_gmt":"2018-02-01T07:23:31","slug":"produktova-fotografie","status":"publish","type":"page","link":"https:\/\/www.produktova-fotografie-brno.cz\/it\/produktova-fotografie\/","title":{"rendered":"Fotografia del prodotto professionale"},"content":{"rendered":"<div id=\"pl-744\"  class=\"panel-layout\" ><div id=\"pg-744-0\"  class=\"panel-grid panel-no-style\" ><div id=\"pgc-744-0-0\"  class=\"panel-grid-cell\" ><div id=\"panel-744-0-0-0\" class=\"so-panel widget widget_sow-editor panel-first-child panel-last-child\" data-index=\"0\" ><div class=\"center panel-widget-style panel-widget-style-for-744-0-0-0\" ><div\n\t\t\t\n\t\t\tclass=\"so-widget-sow-editor so-widget-sow-editor-base\"\n\t\t\t\n\t\t>\n<div class=\"siteorigin-widget-tinymce textwidget\">\n\t<p>Abbiamo lavorato sulle foto dei prodotti per molti anni. Durante questo periodo ho eseguito un numero di ordini sia nella Repubblica Ceca che all'estero. Grazie a questo abbiamo accumulato molta esperienza che trasferiamo alle nostre altre realizzazioni per una maggiore soddisfazione dei nostri clienti. Dai un'occhiata al nostro portafoglio di prodotti fotografici.<\/p>\n<p>Se hai bisogno di riprendere i tuoi prodotti in modo rapido ed efficiente, sfrutta la possibilit\u00e0 di scattare sia un numero piccolo che un numero elevato di prodotti in base alle tue preferenze. Tutte le foto che escono dallo studio passano attraverso il sistema di precisione ritoccando i difetti del prodotto come difetti di fabbricazione, graffi, polvere \u2026<\/p>\n<\/div>\n<\/div><\/div><\/div><\/div><\/div><div id=\"pg-744-1\"  class=\"panel-grid panel-has-style\" ><div class=\"spoluprace siteorigin-panels-stretch panel-row-style panel-row-style-for-744-1\" data-stretch-type=\"full\" ><div id=\"pgc-744-1-0\"  class=\"panel-grid-cell\" ><div id=\"panel-744-1-0-0\" class=\"so-panel widget widget_sow-editor panel-first-child panel-last-child\" data-index=\"1\" ><div\n\t\t\t\n\t\t\tclass=\"so-widget-sow-editor so-widget-sow-editor-base\"\n\t\t\t\n\t\t><h2 class=\"widget-title\">Vuoi lavorare con noi per molto tempo? <\/h2>\n<div class=\"siteorigin-widget-tinymce textwidget\">\n\t<p>Hai bisogno di consegnare foto di alta qualit\u00e0 a intervalli pi\u00f9 piccoli o pi\u00f9 brevi? Tutti i partner che lavorano con noi a intervalli di breve o lungo termine offrono uno sconto per i partner su tutte le foto dei prodotti.<\/p>\n<\/div>\n<\/div><\/div><\/div><\/div><\/div><div id=\"pg-744-2\"  class=\"panel-grid panel-has-style\" ><div class=\"center panel-row-style panel-row-style-for-744-2\" ><div id=\"pgc-744-2-0\"  class=\"panel-grid-cell\" ><div id=\"panel-744-2-0-0\" class=\"so-panel widget widget_sow-editor panel-first-child panel-last-child\" data-index=\"2\" ><div\n\t\t\t\n\t\t\tclass=\"so-widget-sow-editor so-widget-sow-editor-base\"\n\t\t\t\n\t\t><h2 class=\"widget-title\">Consegna delle foto del prodotto finale <\/h2>\n<div class=\"siteorigin-widget-tinymce textwidget\">\n\t<p>Consegnamo le nostre foto ai nostri clienti in due versioni, sia nella versione originale che nella risoluzione per gli e-shop con compressione dei dati per il caricamento rapido su pagine Web. Le foto vengono generalmente fornite con una risoluzione di 300 dpi e in base alle richieste dei clienti nei colori RGB o CMYK. Tutti i dettagli di consegna possono essere organizzati singolarmente in anticipo.<\/p>\n<p>A pagamento, le foto possono anche essere fornite con uno sfondo trasparente o in diversi colori.<\/p>\n<\/div>\n<\/div><\/div><\/div><\/div><\/div><\/div>","protected":false},"excerpt":{"rendered":"<p>Abbiamo lavorato sulle foto dei prodotti per molti anni. Durante questo periodo ho eseguito un numero di ordini sia nella Repubblica Ceca che all&#8217;estero. Grazie a questo abbiamo&#8230;<\/p>\n","protected":false},"author":2,"featured_media":0,"parent":0,"menu_order":0,"comment_status":"closed","ping_status":"closed","template":"","meta":{"footnotes":""},"aioseo_notices":[],"_links":{"self":[{"href":"https:\/\/www.produktova-fotografie-brno.cz\/it\/wp-json\/wp\/v2\/pages\/744"}],"collection":[{"href":"https:\/\/www.produktova-fotografie-brno.cz\/it\/wp-json\/wp\/v2\/pages"}],"about":[{"href":"https:\/\/www.produktova-fotografie-brno.cz\/it\/wp-json\/wp\/v2\/types\/page"}],"author":[{"embeddable":true,"href":"https:\/\/www.produktova-fotografie-brno.cz\/it\/wp-json\/wp\/v2\/users\/2"}],"replies":[{"embeddable":true,"href":"https:\/\/www.produktova-fotografie-brno.cz\/it\/wp-json\/wp\/v2\/comments?post=744"}],"version-history":[{"count":0,"href":"https:\/\/www.produktova-fotografie-brno.cz\/it\/wp-json\/wp\/v2\/pages\/744\/revisions"}],"wp:attachment":[{"href":"https:\/\/www.produktova-fotografie-brno.cz\/it\/wp-json\/wp\/v2\/media?parent=744"}],"curies":[{"name":"wp","href":"https:\/\/api.w.org\/{rel}","templated":true}]}}