{"id":751,"date":"2018-02-01T08:25:56","date_gmt":"2018-02-01T07:25:56","guid":{"rendered":"https:\/\/www.produktova-fotografie-brno.cz\/listino-prezzi-della-fotografia-del-prodotto\/"},"modified":"2018-02-01T08:44:42","modified_gmt":"2018-02-01T07:44:42","slug":"listino-prezzi-della-fotografia-del-prodotto","status":"publish","type":"page","link":"https:\/\/www.produktova-fotografie-brno.cz\/it\/listino-prezzi-della-fotografia-del-prodotto\/","title":{"rendered":"Listino prezzi della fotografia del prodotto"},"content":{"rendered":"<div id=\"pl-751\"  class=\"panel-layout\" ><div id=\"pg-751-0\"  class=\"panel-grid panel-no-style\" ><div id=\"pgc-751-0-0\"  class=\"panel-grid-cell panel-grid-cell-empty\" ><\/div><div id=\"pgc-751-0-1\"  class=\"panel-grid-cell\" ><div id=\"panel-751-0-1-0\" class=\"so-panel widget widget_sow-editor panel-first-child panel-last-child\" data-index=\"0\" ><div\n\t\t\t\n\t\t\tclass=\"so-widget-sow-editor so-widget-sow-editor-base\"\n\t\t\t\n\t\t>\n<div class=\"siteorigin-widget-tinymce textwidget\">\n\t<p>\t<img loading=\"lazy\" decoding=\"async\" src=\"https:\/\/www.produktova-fotografie-brno.cz\/wp-content\/uploads\/2014\/09\/MEUCCI-20160127-018.jpg\" width=\"720\" height=\"720\" srcset=\"https:\/\/www.produktova-fotografie-brno.cz\/wp-content\/uploads\/2014\/09\/MEUCCI-20160127-018.jpg 720w, https:\/\/www.produktova-fotografie-brno.cz\/wp-content\/uploads\/2014\/09\/MEUCCI-20160127-018-200x200.jpg 200w, https:\/\/www.produktova-fotografie-brno.cz\/wp-content\/uploads\/2014\/09\/MEUCCI-20160127-018-300x300.jpg 300w, https:\/\/www.produktova-fotografie-brno.cz\/wp-content\/uploads\/2014\/09\/MEUCCI-20160127-018-350x350.jpg 350w\" sizes=\"(max-width: 720px) 100vw, 720px\" class=\"so-widget-image\"><\/p>\n<\/div>\n<\/div><\/div><\/div><div id=\"pgc-751-0-2\"  class=\"panel-grid-cell panel-grid-cell-mobile-last\" ><div id=\"panel-751-0-2-0\" class=\"so-panel widget widget_sow-editor panel-first-child panel-last-child\" data-index=\"1\" ><div\n\t\t\t\n\t\t\tclass=\"so-widget-sow-editor so-widget-sow-editor-base\"\n\t\t\t\n\t\t>\n<div class=\"siteorigin-widget-tinymce textwidget\">\n\t<p>I prezzi delle opere fotografiche variano in termini di prezzo. Quindi se vuoi sapere il prezzo esatto, non esitare a scriverci. Saremo lieti di fornirti un accurato calcolo dei prezzi. <\/p>\n<p>Poich\u00e9 le foto dei prodotti sono un tipo di foto molto specifico, non \u00e8 possibile determinare in anticipo il prezzo esatto. Dipende sempre da diversi fattori: quantit\u00e0, dimensioni, trasparenza e lucentezza degli articoli. La foto del prodotto normale inizia al prezzo di 100 CZK \/ pc. <br \/>La foto composita \u00e8 di circa 600 CZK \/ pezzo. <\/p>\n<p>Si prega di notare che questi prezzi sono solo per l'orientamento. Pertanto, il prezzo finale potrebbe essere diverso dal prezzo indicativo. <\/p>\n<p><strong>Con pi\u00f9 foto, diamo ai nostri clienti uno sconto sulla quantit\u00e0.<\/strong><\/p>\n<\/div>\n<\/div><\/div><\/div><div id=\"pgc-751-0-3\"  class=\"panel-grid-cell panel-grid-cell-empty\" ><\/div><\/div><div id=\"pg-751-1\"  class=\"panel-grid panel-has-style\" ><div class=\"spoluprace siteorigin-panels-stretch panel-row-style panel-row-style-for-751-1\" data-stretch-type=\"full\" ><div id=\"pgc-751-1-0\"  class=\"panel-grid-cell\" ><div id=\"panel-751-1-0-0\" class=\"so-panel widget widget_sow-editor panel-first-child panel-last-child\" data-index=\"2\" ><div\n\t\t\t\n\t\t\tclass=\"so-widget-sow-editor so-widget-sow-editor-base\"\n\t\t\t\n\t\t><h2 class=\"widget-title\">Cartellino del prezzo non vincolante per la fotografia del prodotto<\/h2>\n<div class=\"siteorigin-widget-tinymce textwidget\">\n\t<div class=\"siteorigin-widget-tinymce textwidget\"><span style=\"line-height: 1.5;\">Vuoi sapere quale sar\u00e0 il prezzo del prodotto per il tuo prodotto senza alcun obbligo? <br \/>Basta compilare il modulo di contatto qui sotto, o chiamarci al numero di telefono <br \/><strong class=\"phone\">720 585 500<\/strong><\/span><\/p>\n<p>Non appena elaboreremo la tua richiesta, ti invieremo un calcolatore dei prezzi via e-mail.<\/p>\n<\/div>\n<\/div>\n<\/div><\/div><\/div><\/div><\/div><div id=\"pg-751-2\"  class=\"panel-grid panel-has-style\" ><div class=\"dotazy panel-row-style panel-row-style-for-751-2\" id=\"poptavka\" ><div id=\"pgc-751-2-0\"  class=\"panel-grid-cell\" ><div id=\"panel-751-2-0-0\" class=\"so-panel widget widget_sow-editor panel-first-child panel-last-child\" data-index=\"3\" ><div\n\t\t\t\n\t\t\tclass=\"so-widget-sow-editor so-widget-sow-editor-base\"\n\t\t\t\n\t\t><h2 class=\"widget-title\">Trova il prezzo delle riprese<\/h2>\n<div class=\"siteorigin-widget-tinymce textwidget\">\n\t<div class=\"siteorigin-widget-tinymce textwidget\">\n<div class=\"kontaktni-form\">[contact-form-7 id=\"779\" title=\"Kontaktn\u00ed formul\u00e1\u0159 IT\"]<\/div>\n<\/div>\n<\/div>\n<\/div><\/div><\/div><\/div><\/div><\/div>","protected":false},"excerpt":{"rendered":"<p>I prezzi delle opere fotografiche variano in termini di prezzo. Quindi se vuoi sapere il prezzo esatto, non esitare a scriverci. Saremo lieti di fornirti un accurato calcolo&#8230;<\/p>\n","protected":false},"author":2,"featured_media":0,"parent":0,"menu_order":0,"comment_status":"closed","ping_status":"closed","template":"","meta":{"footnotes":""},"aioseo_notices":[],"_links":{"self":[{"href":"https:\/\/www.produktova-fotografie-brno.cz\/it\/wp-json\/wp\/v2\/pages\/751"}],"collection":[{"href":"https:\/\/www.produktova-fotografie-brno.cz\/it\/wp-json\/wp\/v2\/pages"}],"about":[{"href":"https:\/\/www.produktova-fotografie-brno.cz\/it\/wp-json\/wp\/v2\/types\/page"}],"author":[{"embeddable":true,"href":"https:\/\/www.produktova-fotografie-brno.cz\/it\/wp-json\/wp\/v2\/users\/2"}],"replies":[{"embeddable":true,"href":"https:\/\/www.produktova-fotografie-brno.cz\/it\/wp-json\/wp\/v2\/comments?post=751"}],"version-history":[{"count":0,"href":"https:\/\/www.produktova-fotografie-brno.cz\/it\/wp-json\/wp\/v2\/pages\/751\/revisions"}],"wp:attachment":[{"href":"https:\/\/www.produktova-fotografie-brno.cz\/it\/wp-json\/wp\/v2\/media?parent=751"}],"curies":[{"name":"wp","href":"https:\/\/api.w.org\/{rel}","templated":true}]}}