{"id":756,"date":"2014-09-27T11:37:59","date_gmt":"2014-09-27T10:37:59","guid":{"rendered":"https:\/\/www.produktova-fotografie-brno.cz\/kontakt\/"},"modified":"2018-02-01T08:45:06","modified_gmt":"2018-02-01T07:45:06","slug":"contatto","status":"publish","type":"page","link":"https:\/\/www.produktova-fotografie-brno.cz\/it\/contatto\/","title":{"rendered":"Contatto"},"content":{"rendered":"<div id=\"pl-756\"  class=\"panel-layout\" ><div id=\"pg-756-0\"  class=\"panel-grid panel-no-style\" ><div id=\"pgc-756-0-0\"  class=\"panel-grid-cell\" ><div id=\"panel-756-0-0-0\" class=\"so-panel widget widget_sow-google-map panel-first-child panel-last-child\" data-index=\"0\" ><div\n\t\t\t\n\t\t\tclass=\"so-widget-sow-google-map so-widget-sow-google-map-default-05ebfd8f3122-756\"\n\t\t\t\n\t\t>\n<div class=\"sow-google-map-canvas\"\n\tstyle=\"\"\n\tid=\"map-canvas-f33bb6a28d6573b9ee33e7d8b7b4e3e4\"\n\tdata-options=\"{&quot;address&quot;:&quot;Palask\\u00e9ho t\\u0159\\u00edda 2335, Brno&quot;,&quot;zoom&quot;:14,&quot;mobileZoom&quot;:14,&quot;gestureHandling&quot;:&quot;greedy&quot;,&quot;disableUi&quot;:false,&quot;markerIcon&quot;:&quot;&quot;,&quot;markersDraggable&quot;:false,&quot;markerAtCenter&quot;:true,&quot;markerInfoDisplay&quot;:&quot;click&quot;,&quot;markerInfoMultiple&quot;:true,&quot;markerPositions&quot;:&quot;&quot;,&quot;mapName&quot;:&quot;&quot;,&quot;mapStyles&quot;:&quot;&quot;,&quot;directions&quot;:&quot;&quot;,&quot;apiKey&quot;:&quot;AIzaSyBpD0Rlqd84NAGlLqSykshJI8ru2QOt3fY&quot;,&quot;breakpoint&quot;:&quot;780&quot;}\"\n\tdata-fallback-image=\"{&quot;img&quot;:&quot;&quot;}\"><\/div>\n<\/div><\/div><\/div><div id=\"pgc-756-0-1\"  class=\"panel-grid-cell\" ><div id=\"panel-756-0-1-0\" class=\"so-panel widget widget_sow-editor panel-first-child panel-last-child\" data-index=\"1\" ><div\n\t\t\t\n\t\t\tclass=\"so-widget-sow-editor so-widget-sow-editor-base\"\n\t\t\t\n\t\t>\n<div class=\"siteorigin-widget-tinymce textwidget\">\n\t<ul class=\"kontakt\">\n<li class=\"telefon\"><a href=\"tel:+420720585500\">+420 720 585 500<\/a><\/li>\n<li class=\"email\"><a href=\"mailto:info@produktova-fotografie-brno.cz\">info@produktova-fotografie-brno.cz<\/a><\/li>\n<\/ul>\n<h2>Dove puoi trovarci?<\/h2>\n<p>Palack\u00e9ho t\u0159\u00edda 2335<br \/> Brno, \u010cesk\u00e1 republika<\/p>\n<h2>Informazioni di fatturazione:<\/h2>\n<p>I\u010cO: 87608863<br \/> DI\u010c: CZ8603175790<br \/> Tom\u00e1\u0161 Frank<br \/> Tr\u00e1vn\u00edk 23, 789 83 Lo\u0161tice<br \/> Vydal \u017e. \u00fa. Mohelnice ZIV\/141\/2011UJ\/5<\/p>\n<\/div>\n<\/div><\/div><\/div><\/div><div id=\"pg-756-1\"  class=\"panel-grid panel-has-style\" ><div class=\"spoluprace siteorigin-panels-stretch panel-row-style panel-row-style-for-756-1\" data-stretch-type=\"full\" ><div id=\"pgc-756-1-0\"  class=\"panel-grid-cell\" ><div id=\"panel-756-1-0-0\" class=\"so-panel widget widget_sow-editor panel-first-child panel-last-child\" data-index=\"2\" ><div\n\t\t\t\n\t\t\tclass=\"so-widget-sow-editor so-widget-sow-editor-base\"\n\t\t\t\n\t\t><h2 class=\"widget-title\">Vuoi chiederci qualcosa?<\/h2>\n<div class=\"siteorigin-widget-tinymce textwidget\">\n\t<div class=\"siteorigin-widget-tinymce textwidget\">Non hai trovato le informazioni che ti interessano sul nostro sito web o vuoi elaborare un calcolatore prezzi non vincolante per la tua foto di prodotto? <br \/>Compila il modulo sottostante e saremo felici di rispondere.<\/div>\n<\/div>\n<\/div><\/div><\/div><\/div><\/div><div id=\"pg-756-2\"  class=\"panel-grid panel-has-style\" ><div class=\"dotazy panel-row-style panel-row-style-for-756-2\" id=\"poptavka\" ><div id=\"pgc-756-2-0\"  class=\"panel-grid-cell\" ><div id=\"panel-756-2-0-0\" class=\"so-panel widget widget_sow-editor panel-first-child panel-last-child\" data-index=\"3\" ><div\n\t\t\t\n\t\t\tclass=\"so-widget-sow-editor so-widget-sow-editor-base\"\n\t\t\t\n\t\t><h2 class=\"widget-title\">Trova il prezzo delle riprese<\/h2>\n<div class=\"siteorigin-widget-tinymce textwidget\">\n\t<div class=\"siteorigin-widget-tinymce textwidget\">\n<div class=\"kontaktni-form\">[contact-form-7 id=\"779\" title=\"Kontaktn\u00ed formul\u00e1\u0159 IT\"]<\/div>\n<\/div>\n<\/div>\n<\/div><\/div><\/div><\/div><\/div><\/div>","protected":false},"excerpt":{"rendered":"<p>+420 720 585 500 info@produktova-fotografie-brno.cz Dove puoi trovarci? Palack\u00e9ho t\u0159\u00edda 2335 Brno, \u010cesk\u00e1 republika Informazioni di fatturazione: I\u010cO: 87608863 DI\u010c: CZ8603175790 Tom\u00e1\u0161 Frank Tr\u00e1vn\u00edk 23, 789 83 Lo\u0161tice&#8230;<\/p>\n","protected":false},"author":2,"featured_media":0,"parent":0,"menu_order":0,"comment_status":"closed","ping_status":"closed","template":"","meta":{"footnotes":""},"aioseo_notices":[],"_links":{"self":[{"href":"https:\/\/www.produktova-fotografie-brno.cz\/it\/wp-json\/wp\/v2\/pages\/756"}],"collection":[{"href":"https:\/\/www.produktova-fotografie-brno.cz\/it\/wp-json\/wp\/v2\/pages"}],"about":[{"href":"https:\/\/www.produktova-fotografie-brno.cz\/it\/wp-json\/wp\/v2\/types\/page"}],"author":[{"embeddable":true,"href":"https:\/\/www.produktova-fotografie-brno.cz\/it\/wp-json\/wp\/v2\/users\/2"}],"replies":[{"embeddable":true,"href":"https:\/\/www.produktova-fotografie-brno.cz\/it\/wp-json\/wp\/v2\/comments?post=756"}],"version-history":[{"count":0,"href":"https:\/\/www.produktova-fotografie-brno.cz\/it\/wp-json\/wp\/v2\/pages\/756\/revisions"}],"wp:attachment":[{"href":"https:\/\/www.produktova-fotografie-brno.cz\/it\/wp-json\/wp\/v2\/media?parent=756"}],"curies":[{"name":"wp","href":"https:\/\/api.w.org\/{rel}","templated":true}]}}